{"id":551,"date":"2022-03-04T13:44:08","date_gmt":"2022-03-04T13:44:08","guid":{"rendered":"http:\/\/garaisepro.viko.cloud\/termek\/brooms-for-scrubber-dryer\/"},"modified":"2022-03-04T13:44:08","modified_gmt":"2022-03-04T13:44:08","slug":"brooms-for-scrubber-dryer","status":"publish","type":"product","link":"https:\/\/garaisepro.hu\/en\/termek\/brooms-for-scrubber-dryer\/","title":{"rendered":"Brooms for Scrubber-dryer"},"content":{"rendered":"","protected":false},"excerpt":{"rendered":"<ul>\n<li>standard material lenght : 45 mm<\/li>\n<li>material can be PP, PA or Silicium Oxid<\/li>\n<li>size of the disc : \u00f8 200 , \u00f8 250mm , \u00f8 360 mm , \u00f8 420 mm , \u00f8 560mm<\/li>\n<li>PED- holder discs are filled with strong, straight \u00f8 1,6 fiber.<\/li>\n<\/ul>\n<p>.<\/p>\n","protected":false},"featured_media":462,"template":"","meta":[],"product_cat":[75],"product_tag":[],"_links":{"self":[{"href":"https:\/\/garaisepro.hu\/en\/wp-json\/wp\/v2\/product\/551"}],"collection":[{"href":"https:\/\/garaisepro.hu\/en\/wp-json\/wp\/v2\/product"}],"about":[{"href":"https:\/\/garaisepro.hu\/en\/wp-json\/wp\/v2\/types\/product"}],"wp:featuredmedia":[{"embeddable":true,"href":"https:\/\/garaisepro.hu\/en\/wp-json\/wp\/v2\/media\/462"}],"wp:attachment":[{"href":"https:\/\/garaisepro.hu\/en\/wp-json\/wp\/v2\/media?parent=551"}],"wp:term":[{"taxonomy":"product_cat","embeddable":true,"href":"https:\/\/garaisepro.hu\/en\/wp-json\/wp\/v2\/product_cat?post=551"},{"taxonomy":"product_tag","embeddable":true,"href":"https:\/\/garaisepro.hu\/en\/wp-json\/wp\/v2\/product_tag?post=551"}],"curies":[{"name":"wp","href":"https:\/\/api.w.org\/{rel}","templated":true}]}}