{"id":521,"date":"2022-03-03T14:21:30","date_gmt":"2022-03-03T14:21:30","guid":{"rendered":"http:\/\/garaisepro.viko.cloud\/references\/"},"modified":"2022-03-11T07:36:37","modified_gmt":"2022-03-11T07:36:37","slug":"references","status":"publish","type":"page","link":"https:\/\/garaisepro.hu\/en\/references\/","title":{"rendered":"References"},"content":{"rendered":"\n\n  <div class=\"banner has-hover has-parallax\" id=\"banner-1270197359\">\n          <div class=\"banner-inner fill\">\n        <div class=\"banner-bg fill\" data-parallax=\"-3\" data-parallax-container=\".banner\" data-parallax-background>\n            <div class=\"bg fill bg-fill \"><\/div>\n                        <div class=\"overlay\"><\/div>            \n                    <\/div>\n\t\t\n        <div class=\"banner-layers container\">\n            <div class=\"fill banner-link\"><\/div>            \n\n   <div id=\"text-box-2119692957\" class=\"text-box banner-layer x50 md-x50 lg-x50 y50 md-y50 lg-y50 res-text\">\n                                <div class=\"text-box-content text dark\">\n              \n              <div class=\"text-inner text-center\">\n                  \n\n\t<div id=\"text-2224292846\" class=\"text\">\n\t\t\n\n<h1 class=\"lead h1-phone\">References<\/h1>\n\n\t\t\n<style>\n#text-2224292846 {\n  text-align: center;\n}\n<\/style>\n\t<\/div>\n\t\n\n              <\/div>\n           <\/div>\n                            \n<style>\n#text-box-2119692957 {\n  width: 60%;\n}\n#text-box-2119692957 .text-box-content {\n  font-size: 100%;\n}\n<\/style>\n    <\/div>\n \n\n        <\/div>\n      <\/div>\n\n            \n<style>\n#banner-1270197359 {\n  padding-top: 200px;\n}\n#banner-1270197359 .bg.bg-loaded {\n  background-image: url(https:\/\/garaisepro.hu\/wp-content\/uploads\/2022\/03\/kapcsolat-elerhetoseg-1400x292.jpg);\n}\n#banner-1270197359 .overlay {\n  background-color: rgba(0,0,0,.5);\n}\n#banner-1270197359 .bg {\n  background-position: 56% 64%;\n}\n#banner-1270197359 .ux-shape-divider--top svg {\n  height: 150px;\n  --divider-top-width: 100%;\n}\n#banner-1270197359 .ux-shape-divider--bottom svg {\n  height: 150px;\n  --divider-width: 100%;\n}\n@media (min-width:550px) {\n  #banner-1270197359 {\n    padding-top: 400px;\n  }\n}\n<\/style>\n  <\/div>\n\n\n\t<section class=\"section\" id=\"section_1270668700\">\n\t\t<div class=\"bg section-bg fill bg-fill  bg-loaded\" >\n\n\t\t\t\n\t\t\t\n\t\t\t\n\t<div class=\"is-border\"\n\t\tstyle=\"border-color:rgb(235, 235, 235);border-width:1px 0px 0px 0px;\">\n\t<\/div>\n\n\t\t<\/div>\n\n\t\t\n\n\t\t<div class=\"section-content relative\">\n\t\t\t\n\n<div class=\"row row-large align-middle align-center\"  id=\"row-2026918450\">\n\n\n\t<div id=\"col-1817611266\" class=\"col small-12 large-12\"  >\n\t\t\t\t<div class=\"col-inner text-center\"  >\n\t\t\t\n\t\t\t\n\n\t<div id=\"text-4020018593\" class=\"text\">\n\t\t\n\n<p><strong>Our referenceworks<\/strong>\u00a0fits the\u00a0<strong>quality expectations<\/strong>.<br \/>We are trying to suit our customers during the production of\u00a0<a title=\"products\" href=\"https:\/\/garaisepro.hu\/en\/termekek\/\"><strong>our products<\/strong><\/a>\u00a0\u2013\u00a0<strong>cylinder brush<\/strong>,\u00a0<strong>disc brooms<\/strong>,\u00a0<strong>brooms for scrubber dryer<\/strong>\u00a0\u2013 and with the communication of our partner and int he future as well.<\/p>\n<p>Take a look at our high quality\u00a0<strong>industrial brushes<\/strong>,\u00a0<strong>sweepers<\/strong>\u00a0and other products, which helped us getting experiences and a lot of co-partners.<\/p>\n<ul>\n<li>AUDI Hungaria Motor Kft.<\/li>\n<li>Bagodi Mez\u0151g\u00e9p<\/li>\n<li>Ceres S\u00fct\u0151ipari Zrt<\/li>\n<li>Colas \u00c9p\u00edt\u0151 Zrt.<\/li>\n<li>\u00c9rdi K\u00f6zter\u00fclet Fenntart\u00f3 Int\u00e9zm\u00e9ny.<\/li>\n<li>FOOD-CLEAN Zrt<\/li>\n<li>Hidrot-P\u00e9cs<\/li>\n<li>Hungexpo<\/li>\n<li>Kisalf\u00f6ld Vol\u00e1n<\/li>\n<li>Komm G\u00e9p Kft<\/li>\n<li>L\u00e1batlani Vasbetonipari Zrt<\/li>\n<li>Leier Kft. (orsz\u00e1gos)<\/li>\n<li>Magyar \u00c1llami K\u00f6z\u00fat Kezel\u0151 Kht<\/li>\n<li>Marclean Kft.<\/li>\n<li>MUT Hungaria Kft.<\/li>\n<li>Nagybani Piac zrt.<\/li>\n<li>Pannon Mill Malomipari Zrt.<\/li>\n<li>Piktor Kft.<\/li>\n<li>Rekard Produkt G\u00e9pgy\u00e1rt\u00f3 Kft<\/li>\n<li>Saxum Kft, Kom\u00e1rom<\/li>\n<li>Sopron Holding Zrt<\/li>\n<li>V\u00e1rosgazd\u00e1lkod\u00e1si Kft. (orsz\u00e1gos, pl.: Gy\u0151r, Zalaegerszeg, Veszpr\u00e9m, Keszthely, Szombathely, Kecskem\u00e9t, Miskolc)<\/li>\n<\/ul>\n\t\t\n<style>\n#text-4020018593 {\n  text-align: left;\n}\n<\/style>\n\t<\/div>\n\t\n\n\t\t<\/div>\n\t\t\t\t\t<\/div>\n\n\t\n\n<\/div>\n\n\t\t<\/div>\n\n\t\t\n<style>\n#section_1270668700 {\n  padding-top: 59px;\n  padding-bottom: 59px;\n  min-height: 300px;\n  background-color: rgb(255,255,255);\n}\n#section_1270668700 .ux-shape-divider--top svg {\n  height: 150px;\n  --divider-top-width: 100%;\n}\n#section_1270668700 .ux-shape-divider--bottom svg {\n  height: 150px;\n  --divider-width: 100%;\n}\n<\/style>\n\t<\/section>\n\t\n\n","protected":false},"excerpt":{"rendered":"","protected":false},"author":1,"featured_media":0,"parent":0,"menu_order":0,"comment_status":"closed","ping_status":"closed","template":"page-blank.php","meta":{"footnotes":""},"_links":{"self":[{"href":"https:\/\/garaisepro.hu\/en\/wp-json\/wp\/v2\/pages\/521"}],"collection":[{"href":"https:\/\/garaisepro.hu\/en\/wp-json\/wp\/v2\/pages"}],"about":[{"href":"https:\/\/garaisepro.hu\/en\/wp-json\/wp\/v2\/types\/page"}],"author":[{"embeddable":true,"href":"https:\/\/garaisepro.hu\/en\/wp-json\/wp\/v2\/users\/1"}],"replies":[{"embeddable":true,"href":"https:\/\/garaisepro.hu\/en\/wp-json\/wp\/v2\/comments?post=521"}],"version-history":[{"count":4,"href":"https:\/\/garaisepro.hu\/en\/wp-json\/wp\/v2\/pages\/521\/revisions"}],"predecessor-version":[{"id":655,"href":"https:\/\/garaisepro.hu\/en\/wp-json\/wp\/v2\/pages\/521\/revisions\/655"}],"wp:attachment":[{"href":"https:\/\/garaisepro.hu\/en\/wp-json\/wp\/v2\/media?parent=521"}],"curies":[{"name":"wp","href":"https:\/\/api.w.org\/{rel}","templated":true}]}}