{"id":511,"date":"2013-08-11T19:06:15","date_gmt":"2013-08-11T19:06:15","guid":{"rendered":"http:\/\/garaisepro.viko.cloud\/contact\/"},"modified":"2022-03-11T07:37:43","modified_gmt":"2022-03-11T07:37:43","slug":"contact","status":"publish","type":"page","link":"https:\/\/garaisepro.hu\/en\/contact\/","title":{"rendered":"Contact"},"content":{"rendered":"\n\n  <div class=\"banner has-hover has-parallax\" id=\"banner-1618784520\">\n          <div class=\"banner-inner fill\">\n        <div class=\"banner-bg fill\" data-parallax=\"-3\" data-parallax-container=\".banner\" data-parallax-background>\n            <div class=\"bg fill bg-fill \"><\/div>\n                        <div class=\"overlay\"><\/div>            \n                    <\/div>\n\t\t\n        <div class=\"banner-layers container\">\n            <div class=\"fill banner-link\"><\/div>            \n\n   <div id=\"text-box-491549489\" class=\"text-box banner-layer x50 md-x50 lg-x50 y50 md-y50 lg-y50 res-text\">\n                                <div class=\"text-box-content text dark\">\n              \n              <div class=\"text-inner text-center\">\n                  \n\n\t<div id=\"text-3092710038\" class=\"text\">\n\t\t\n\n<h1 class=\"lead h1-phone\">Contacts<\/h1>\n\n\t\t\n<style>\n#text-3092710038 {\n  text-align: center;\n}\n<\/style>\n\t<\/div>\n\t\n\n              <\/div>\n           <\/div>\n                            \n<style>\n#text-box-491549489 {\n  width: 60%;\n}\n#text-box-491549489 .text-box-content {\n  font-size: 100%;\n}\n<\/style>\n    <\/div>\n \n\n        <\/div>\n      <\/div>\n\n            \n<style>\n#banner-1618784520 {\n  padding-top: 200px;\n}\n#banner-1618784520 .bg.bg-loaded {\n  background-image: url(https:\/\/garaisepro.hu\/wp-content\/uploads\/2022\/03\/kapcsolat-elerhetoseg-1400x292.jpg);\n}\n#banner-1618784520 .overlay {\n  background-color: rgba(0,0,0,.5);\n}\n#banner-1618784520 .bg {\n  background-position: 56% 64%;\n}\n#banner-1618784520 .ux-shape-divider--top svg {\n  height: 150px;\n  --divider-top-width: 100%;\n}\n#banner-1618784520 .ux-shape-divider--bottom svg {\n  height: 150px;\n  --divider-width: 100%;\n}\n@media (min-width:550px) {\n  #banner-1618784520 {\n    padding-top: 400px;\n  }\n}\n<\/style>\n  <\/div>\n\n\n\t<section class=\"section\" id=\"section_1295640138\">\n\t\t<div class=\"bg section-bg fill bg-fill  bg-loaded\" >\n\n\t\t\t\n\t\t\t\n\t\t\t\n\t<div class=\"is-border\"\n\t\tstyle=\"border-color:rgb(235, 235, 235);border-width:1px 0px 0px 0px;\">\n\t<\/div>\n\n\t\t<\/div>\n\n\t\t\n\n\t\t<div class=\"section-content relative\">\n\t\t\t\n\n<div class=\"row row-large align-middle align-center\"  id=\"row-778441687\">\n\n\n\t<div id=\"col-1999912215\" class=\"col medium-6 small-12 large-6\"  >\n\t\t\t\t<div class=\"col-inner box-shadow-2 box-shadow-5-hover\" style=\"background-color:rgb(255, 255, 255);\" >\n\t\t\t\n\t\t\t\n\n<div role=\"form\" class=\"wpcf7\" id=\"wpcf7-f567-o1\" lang=\"en-US\" dir=\"ltr\">\n<div class=\"screen-reader-response\"><p role=\"status\" aria-live=\"polite\" aria-atomic=\"true\"><\/p> <ul><\/ul><\/div>\n<form action=\"\/en\/wp-json\/wp\/v2\/pages\/511#wpcf7-f567-o1\" method=\"post\" class=\"wpcf7-form init\" novalidate=\"novalidate\" data-status=\"init\">\n<div style=\"display: none;\">\n<input type=\"hidden\" name=\"_wpcf7\" value=\"567\" \/>\n<input type=\"hidden\" name=\"_wpcf7_version\" value=\"5.5.6\" \/>\n<input type=\"hidden\" name=\"_wpcf7_locale\" value=\"en_US\" \/>\n<input type=\"hidden\" name=\"_wpcf7_unit_tag\" value=\"wpcf7-f567-o1\" \/>\n<input type=\"hidden\" name=\"_wpcf7_container_post\" value=\"0\" \/>\n<input type=\"hidden\" name=\"_wpcf7_posted_data_hash\" value=\"\" \/>\n<input type=\"hidden\" name=\"_wpcf7_recaptcha_response\" value=\"\" \/>\n<\/div>\n<p><label> Name*<br \/>\n    <span class=\"wpcf7-form-control-wrap your-name\"><input type=\"text\" name=\"your-name\" value=\"\" size=\"40\" class=\"wpcf7-form-control wpcf7-text wpcf7-validates-as-required\" aria-required=\"true\" aria-invalid=\"false\" \/><\/span> <\/label><\/p>\n<p><label> E-mail*<br \/>\n    <span class=\"wpcf7-form-control-wrap your-email\"><input type=\"email\" name=\"your-email\" value=\"\" size=\"40\" class=\"wpcf7-form-control wpcf7-text wpcf7-email wpcf7-validates-as-required wpcf7-validates-as-email\" aria-required=\"true\" aria-invalid=\"false\" \/><\/span> <\/label><\/p>\n<p><label> Phone number*<br \/>\n    <span class=\"wpcf7-form-control-wrap your-tel\"><input type=\"text\" name=\"your-tel\" value=\"\" size=\"40\" class=\"wpcf7-form-control wpcf7-text wpcf7-validates-as-required\" aria-required=\"true\" aria-invalid=\"false\" \/><\/span> <\/label><\/p>\n<p><label> K\u00e9rj\u00fck v\u00e1lassza ki, milyen \u00fcgyb\u0151l keres minket.<br \/>\n    <span class=\"wpcf7-form-control-wrap menu-675\"><select name=\"menu-675\" class=\"wpcf7-form-control wpcf7-select wpcf7-validates-as-required\" aria-required=\"true\" aria-invalid=\"false\"><option value=\"\">---<\/option><option value=\"Panaszbejelent\u00e9s\">Panaszbejelent\u00e9s<\/option><option value=\"\u00c9rdekl\u0151d\u00e9s\">\u00c9rdekl\u0151d\u00e9s<\/option><\/select><\/span> <\/label><\/p>\n<p><label> Subject<br \/>\n    <span class=\"wpcf7-form-control-wrap your-subject\"><input type=\"text\" name=\"your-subject\" value=\"\" size=\"40\" class=\"wpcf7-form-control wpcf7-text\" aria-invalid=\"false\" \/><\/span> <\/label><\/p>\n<p><label> Message<br \/>\n    <span class=\"wpcf7-form-control-wrap your-message\"><textarea name=\"your-message\" cols=\"40\" rows=\"10\" class=\"wpcf7-form-control wpcf7-textarea\" aria-invalid=\"false\"><\/textarea><\/span> <\/label><\/p>\n<p><span class=\"wpcf7-form-control-wrap acceptance-989\"><span class=\"wpcf7-form-control wpcf7-acceptance\"><span class=\"wpcf7-list-item\"><label><input type=\"checkbox\" name=\"acceptance-989\" value=\"1\" aria-invalid=\"false\" \/><span class=\"wpcf7-list-item-label\">I am read and accept the <a href=\"\/en\/privacy-policy\/\">Privacy policy.<\/a><\/span><\/label><\/span><\/span><\/span><\/p>\n<p><input type=\"submit\" value=\"Send\" class=\"wpcf7-form-control has-spinner wpcf7-submit\" \/><\/p>\n<div class=\"wpcf7-response-output\" aria-hidden=\"true\"><\/div><\/form><\/div>\n\n\n\t\t<\/div>\n\t\t\t\t\n<style>\n#col-1999912215 > .col-inner {\n  padding: 15px 15px 15px 15px;\n}\n<\/style>\n\t<\/div>\n\n\t\n\n\t<div id=\"col-619067265\" class=\"col medium-6 small-12 large-6\"  >\n\t\t\t\t<div class=\"col-inner text-center\"  >\n\t\t\t\n\t\t\t\n\n\t<div id=\"text-1311923495\" class=\"text\">\n\t\t\n\n<p><strong>If you have any question, suggestion please fill out the sheet below!<\/strong><br \/><strong>We kindly ask you, to please pay attention giving your personal details in order we could contact you.<\/strong><\/p>\n<p><strong>Address:<\/strong> 9027 Gy\u0151r Ipari park, K\u0151risfa Str. 8. 8.<\/p>\n<p><strong>Phone.\/Fax:<\/strong> <a href=\"tel:0696327757\">06 96 \/ 327 757<\/a><\/p>\n<p><strong>Mobil:<\/strong> <a href=\"tel:06309394660\">06 30 \/ 93 94 660<\/a> vagy <a href=\"tel:06305068710\">06 30 \/ 50 68 710<\/a><\/p>\n<p><strong>E-mail:<\/strong> <a href=\"mailto:info@garaisepro.hu\">info@garaisepro.hu<\/a><\/p>\n\t\t\n<style>\n#text-1311923495 {\n  text-align: left;\n}\n<\/style>\n\t<\/div>\n\t\n\n\t\t<\/div>\n\t\t\t\t\t<\/div>\n\n\t\n\n<\/div>\n\n\t\t<\/div>\n\n\t\t\n<style>\n#section_1295640138 {\n  padding-top: 59px;\n  padding-bottom: 59px;\n  min-height: 300px;\n  background-color: rgb(240, 240, 240);\n}\n#section_1295640138 .ux-shape-divider--top svg {\n  height: 150px;\n  --divider-top-width: 100%;\n}\n#section_1295640138 .ux-shape-divider--bottom svg {\n  height: 150px;\n  --divider-width: 100%;\n}\n<\/style>\n\t<\/section>\n\t\n\n\n<iframe src=\"https:\/\/www.google.com\/maps\/embed?pb=!1m18!1m12!1m3!1d2686.3432715606!2d17.70201491587452!3d47.67775307918952!2m3!1f0!2f0!3f0!3m2!1i1024!2i768!4f13.1!3m3!1m2!1s0x476bbf41b737e1a1%3A0xa2db593178692178!2zR2FyYWkgU2VwcsWRZ3nDoXJ0w7M!5e0!3m2!1shu!2shu!4v1646297608099!5m2!1shu!2shu\" width=\"1920\" height=\"500\" style=\"border:0; margin-bottom: -8px;\" allowfullscreen=\"\" loading=\"lazy\"><\/iframe>\n\n\n","protected":false},"excerpt":{"rendered":"","protected":false},"author":1,"featured_media":445,"parent":0,"menu_order":0,"comment_status":"closed","ping_status":"closed","template":"page-blank.php","meta":{"footnotes":""},"_links":{"self":[{"href":"https:\/\/garaisepro.hu\/en\/wp-json\/wp\/v2\/pages\/511"}],"collection":[{"href":"https:\/\/garaisepro.hu\/en\/wp-json\/wp\/v2\/pages"}],"about":[{"href":"https:\/\/garaisepro.hu\/en\/wp-json\/wp\/v2\/types\/page"}],"author":[{"embeddable":true,"href":"https:\/\/garaisepro.hu\/en\/wp-json\/wp\/v2\/users\/1"}],"replies":[{"embeddable":true,"href":"https:\/\/garaisepro.hu\/en\/wp-json\/wp\/v2\/comments?post=511"}],"version-history":[{"count":4,"href":"https:\/\/garaisepro.hu\/en\/wp-json\/wp\/v2\/pages\/511\/revisions"}],"predecessor-version":[{"id":657,"href":"https:\/\/garaisepro.hu\/en\/wp-json\/wp\/v2\/pages\/511\/revisions\/657"}],"wp:featuredmedia":[{"embeddable":true,"href":"https:\/\/garaisepro.hu\/en\/wp-json\/wp\/v2\/media\/445"}],"wp:attachment":[{"href":"https:\/\/garaisepro.hu\/en\/wp-json\/wp\/v2\/media?parent=511"}],"curies":[{"name":"wp","href":"https:\/\/api.w.org\/{rel}","templated":true}]}}